{"id":86,"date":"2019-03-07T09:48:51","date_gmt":"2019-03-07T08:48:51","guid":{"rendered":"https:\/\/www.aq-electronic.com\/domains\/aq-electronic.com\/?page_id=86"},"modified":"2023-03-30T14:57:42","modified_gmt":"2023-03-30T12:57:42","slug":"home","status":"publish","type":"page","link":"https:\/\/www.aq-electronic.com\/domains\/aq-electronic.com\/","title":{"rendered":"Dom\u016f"},"content":{"rendered":"\n<p><strong>V\u00edtejte na str\u00e1nk\u00e1ch na\u0161\u00ed spole\u010dnosti AQ Electronic, spol. s.r.o.\u00a0<\/strong><br>Na\u0161e spole\u010dnost byla zalo\u017eena v roce 2003, kdy jsme za\u010d\u00ednali jako men\u0161\u00ed nez\u00e1visl\u00fd distributor pasivn\u00edch elektronick\u00fdch sou\u010d\u00e1stek. Postupem \u010dasu jsme roz\u0161\u00ed\u0159ili na\u0161e portfolio a nav\u00fd\u0161ili skladov\u00e9 kapacity,\u00a0ve\u00a0kter\u00fdch dr\u017e\u00edme aktu\u00e1ln\u011b skladem v\u00edce ne\u017e 38 000 polo\u017eek. N\u00e1\u0161 t\u00fdm se postupn\u011b rozr\u016fstal o specialisty v oboru, kte\u0159\u00ed \u00a0V\u00e1m\u00a0jsou\u00a0schopni pomoci s odborn\u00fdmi dotazy. Od roku 2016 jsme dr\u017eitelem\u00a0<a href=\"https:\/\/www.aq-electronic.com\/domains\/aq-electronic.com\/wp-content\/uploads\/2023\/03\/CSNEN.pdf\" target=\"_blank\" rel=\"noreferrer noopener\">\u010cSN EN ISO 9001:2016<\/a>\u00a0dle standartu T\u00dcV S\u00dcD. Od roku 2010 pat\u0159\u00edme k pravideln\u00fdm vystavovatel\u016fm na veletrhu AMPER. V sou\u010dasnosti se \u0159ad\u00edme mezi nejv\u011bt\u0161\u00ed distributory na\u00a0\u00fazem\u00ed \u010cesk\u00e9 a Slovensk\u00e9 republiky<\/p>\n\n\n\n<p><strong>Pro\u010d nakupovat a spolupracovat s AQ electronic?<\/strong><\/p>\n\n\n\n<p>Nakupovat u AQ electronic, s.r.o. m\u00e1 sv\u00e9 v\u00fdhody. Ji\u017e od po\u010d\u00e1tku sv\u00e9 existence jsme se v AQ electronic zam\u011b\u0159ili p\u0159\u00edmo na v\u00fdrobn\u00ed firmy elektronick\u00fdch sou\u010d\u00e1stek a element\u016f, kter\u00fdm zaji\u0161\u0165ujeme p\u0159\u00edm\u00fd prodej a to jak distributor\u016fm, mezin\u00e1rodn\u00edm v\u00fdrobn\u00edm spole\u010dnostmi, tak i men\u0161\u00edm spole\u010dnostem a jednotliv\u00e9mu koncov\u00e9mu z\u00e1kazn\u00edkovi. Mezi na\u0161e z\u00e1kazn\u00edky pat\u0159\u00ed mezin\u00e1rodn\u00ed renomovan\u00e9 v\u00fdrobn\u00ed spole\u010dnosti, kde zaji\u0161\u0165ujeme dod\u00e1vky strategick\u00fdch sou\u010d\u00e1stek v p\u0159esn\u011b definovan\u00fdch term\u00ednech pro v\u00fdrobu. <\/p>\n\n\n\n<p><strong>M\u00e1me zku\u0161en\u00fd t\u00fdm prodejn\u00edch technik\u016f a obchodn\u00edch z\u00e1stupc\u016f jak v n\u00e1kupu, tak v&nbsp;prodeji a tak\u00e9 siln\u00fd t\u00fdm, kter\u00fd je schopen V\u00e1m poradit.<\/strong><\/p>\n\n\n<div class=\"wp-block-image is-style-rounded\">\n<figure class=\"aligncenter size-large is-resized\"><img loading=\"lazy\" decoding=\"async\" src=\"https:\/\/www.aq-electronic.com\/domains\/aq-electronic.com\/wp-content\/uploads\/2020\/04\/fotomodel-27-683x1024.jpg\" alt=\"\" class=\"wp-image-187\" width=\"300\" height=\"450\" srcset=\"https:\/\/www.aq-electronic.com\/domains\/aq-electronic.com\/wp-content\/uploads\/2020\/04\/fotomodel-27-683x1024.jpg 683w, https:\/\/www.aq-electronic.com\/domains\/aq-electronic.com\/wp-content\/uploads\/2020\/04\/fotomodel-27-200x300.jpg 200w, https:\/\/www.aq-electronic.com\/domains\/aq-electronic.com\/wp-content\/uploads\/2020\/04\/fotomodel-27-768x1152.jpg 768w, https:\/\/www.aq-electronic.com\/domains\/aq-electronic.com\/wp-content\/uploads\/2020\/04\/fotomodel-27-1024x1536.jpg 1024w, https:\/\/www.aq-electronic.com\/domains\/aq-electronic.com\/wp-content\/uploads\/2020\/04\/fotomodel-27-1365x2048.jpg 1365w, https:\/\/www.aq-electronic.com\/domains\/aq-electronic.com\/wp-content\/uploads\/2020\/04\/fotomodel-27-600x900.jpg 600w, https:\/\/www.aq-electronic.com\/domains\/aq-electronic.com\/wp-content\/uploads\/2020\/04\/fotomodel-27-scaled.jpg 1707w\" sizes=\"auto, (max-width: 300px) 100vw, 300px\" \/><\/figure>\n<\/div>\n\n\n<p class=\"has-text-align-center\"><strong>Va\u0161e dotazy V\u00e1m r\u00e1di zodpov\u00edme na telefonn\u00edm \u010d\u00edsle :&nbsp; 723 175 035<\/strong>  nebo <strong>&nbsp;<a href=\"mailto:info@aq-electronic.com\">info@aq-electronic.com<\/a><\/strong><\/p>\n","protected":false},"excerpt":{"rendered":"<p>V\u00edtejte na str\u00e1nk\u00e1ch na\u0161\u00ed spole\u010dnosti AQ Electronic, spol. s.r.o.\u00a0Na\u0161e spole\u010dnost byla zalo\u017eena v roce 2003, kdy jsme za\u010d\u00ednali jako men\u0161\u00ed nez\u00e1visl\u00fd distributor pasivn\u00edch elektronick\u00fdch sou\u010d\u00e1stek. [&hellip;]<\/p>\n","protected":false},"author":1,"featured_media":0,"parent":0,"menu_order":0,"comment_status":"closed","ping_status":"closed","template":"","meta":{"footnotes":""},"class_list":["post-86","page","type-page","status-publish","hentry"],"_links":{"self":[{"href":"https:\/\/www.aq-electronic.com\/domains\/aq-electronic.com\/index.php?rest_route=\/wp\/v2\/pages\/86","targetHints":{"allow":["GET"]}}],"collection":[{"href":"https:\/\/www.aq-electronic.com\/domains\/aq-electronic.com\/index.php?rest_route=\/wp\/v2\/pages"}],"about":[{"href":"https:\/\/www.aq-electronic.com\/domains\/aq-electronic.com\/index.php?rest_route=\/wp\/v2\/types\/page"}],"author":[{"embeddable":true,"href":"https:\/\/www.aq-electronic.com\/domains\/aq-electronic.com\/index.php?rest_route=\/wp\/v2\/users\/1"}],"replies":[{"embeddable":true,"href":"https:\/\/www.aq-electronic.com\/domains\/aq-electronic.com\/index.php?rest_route=%2Fwp%2Fv2%2Fcomments&post=86"}],"version-history":[{"count":21,"href":"https:\/\/www.aq-electronic.com\/domains\/aq-electronic.com\/index.php?rest_route=\/wp\/v2\/pages\/86\/revisions"}],"predecessor-version":[{"id":367,"href":"https:\/\/www.aq-electronic.com\/domains\/aq-electronic.com\/index.php?rest_route=\/wp\/v2\/pages\/86\/revisions\/367"}],"wp:attachment":[{"href":"https:\/\/www.aq-electronic.com\/domains\/aq-electronic.com\/index.php?rest_route=%2Fwp%2Fv2%2Fmedia&parent=86"}],"curies":[{"name":"wp","href":"https:\/\/api.w.org\/{rel}","templated":true}]}}